{"id":24,"date":"2024-01-13T14:38:49","date_gmt":"2024-01-13T13:38:49","guid":{"rendered":"https:\/\/oxydermthbo.com\/?page_id=24"},"modified":"2025-12-07T12:44:20","modified_gmt":"2025-12-07T11:44:20","slug":"mesmerize","status":"publish","type":"page","link":"https:\/\/oxydermthbo.com\/","title":{"rendered":"Front Page"},"content":{"rendered":"<!-- content style : start --><!-- content style : end --><!-- content style : start --><!-- content style : end --><!-- content style : start --><!-- content style : end --><!-- content style : start --><!-- content style : end --><!-- content style : start --><!-- content style : end --><!-- content style : start --><!-- content style : end --><!-- content style : start --><!-- content style : end --><!-- content style : start --><!-- content style : end --><!-- content style : start --><!-- content style : end --><!-- content style : start --><!-- content style : end --><!-- content style : start --><!-- content style : end --><!-- content style : start --><!-- content style : end --><!-- content style : start --><!-- content style : end --><!-- content style : start --><!-- content style : end --><!-- content style : start --><!-- content style : end --><!-- content style : start --><!-- content style : end --><!-- content style : start --><!-- content style : end --><!-- content style : start --><!-- content style : end --><!-- content style : start --><!-- content style : end --><!-- content style : start --><!-- content style : end --><!-- content style : start --><!-- content style : end --><!-- content style : start --><!-- content style : end --><!-- content style : start --><!-- content style : end --><!-- content style : start --><!-- content style : end --><!-- content style : start --><!-- content style : end --><!-- content style : start --><!-- content style : end --><!-- content style : start --><!-- content style : end --><!-- content style : start --><!-- content style : end --><!-- content style : start --><!-- content style : end --><!-- content style : start --><!-- content style : end --><!-- content style : start --><!-- content style : end --><!-- content style : start --><!-- content style : end --><!-- content style : start --><!-- content style : end --><!-- content style : start --><!-- content style : end --><!-- content style : start --><!-- content style : end --><!-- content style : start --><!-- content style : end --><!-- content style : start --><!-- content style : end --><!-- content style : start --><!-- content style : end --><!-- content style : start --><!-- content style : end --><!-- content style : start --><!-- content style : end --><!-- content style : start --><!-- content style : end --><!-- content style : start --><!-- content style : end --><!-- content style : start --><!-- content style : end --><!-- content style : start --><!-- content style : end --><!-- content style : start --><!-- content style : end --><!-- content style : start --><!-- content style : end --><!-- content style : start --><!-- content style : end --><!-- content style : start --><!-- content style : end --><!-- content style : start --><!-- content style : end --><!-- content style : start --><!-- content style : end --><!-- content style : start --><!-- content style : end --><!-- content style : start --><!-- content style : end --><!-- content style : start --><!-- content style : end --><!-- content style : start --><!-- content style : end --><!-- content style : start --><!-- content style : end --><!-- content style : start --><!-- content style : end --><div  data-label=\"Temoignage\" data-id=\"about--1\" data-export-id=\"about-10\" data-category=\"about\" class=\"about-10 content-section content-section-spacing\" id=\"temoignage\" style=\"background-color: rgb(255, 255, 255);\"><div  class=\"gridContainer\"> <div  class=\"row middle-sm text-center\"><div  class=\"col-sm-5 space-bottom-xs content-column content-center-sm\" data-type=\"column\"> <h5  class=\"\">Notre experte<\/h5> <h2  class=\"\">Corine B\u00e9dier<\/h2>  <p  class=\"\">Experte en esth\u00e9tique et passionn\u00e9e par l\u2019innovation, Corine B\u00e9dier dirige son salon avec une vision claire : offrir \u00e0 ses clients les meilleures technologies en soins de la peau.<br >Membre de la CNAIB, la Conf\u00e9d\u00e9ration Nationale Artisanale des Instituts de Beaut\u00e9, elle s\u2019inscrit dans une d\u00e9marche professionnelle reconnue qui valorise l\u2019excellence et d\u00e9fend la qualit\u00e9 des soins esth\u00e9tiques en France et \u00e0 La R\u00e9union.<br >Convaincue par l\u2019efficacit\u00e9 et la qualit\u00e9 des \u00e9quipements Oxyderme thbo, elle a investi dans nos machines afin de proposer des traitements d\u2019oxyg\u00e9nation esth\u00e9tique \u00e0 la pointe de la science.<br >Son engagement et son exigence font du salon une r\u00e9f\u00e9rence pour celles et ceux qui recherchent des soins premium et des r\u00e9sultats visibles.<\/p><a  class=\"button color1\" href=\"https:\/\/oxydermthbo.com?page_id=614\" target=\"_self\" data-cp-link=\"1\">D\u00e9couvrir<\/a><p  class=\"lead\"><b >\n<br >CONTACT<br >email <\/b>: corinebedier@orange.fr\n<br ><b >T\u00e9l\u00e9phone&nbsp;<\/b>: +33 0692875398<\/p><\/div> <div  class=\"col-sm-7 flexbox middle-xs center-xs space-bottom-xs\"><div  class=\"overlay-box middle-xs center-xs flexbox\"> <div  class=\"overlay-box-offset shadow-medium border-color1 offset-border hide-xs\"><\/div> <a  data-cp-link=\"1\" href=\"https:\/\/www.facebook.com\/FilorgaPro974?mibextid=wwXIfr&amp;rdid=DgoadvqWXdDaJDl0\" target=\"_blank\" class=\"\"><img  decoding=\"async\" class=\"shadow-large\" data-size=\"485x705\" src=\"https:\/\/oxydermthbo.com\/wp-content\/uploads\/2025\/09\/cropped-corinebedier2.jpg\" title=\"cropped-corinebedier2.jpg\" alt=\"\"><\/a><\/div> <\/div><\/div> <\/div><\/div><div  data-label=\"Professionnel\" data-id=\"content--1\" data-export-id=\"content-2\" data-category=\"content\" class=\"content-2 content-section content-section-spacing\" id=\"professionnel-1\" style=\"background-color: rgb(255, 255, 255);\"><div  class=\"gridContainer\"> <div  class=\"row middle-xs\"><div  class=\"col-sm-5 bg-image shadow-large-black\" data-bg=\"image\" style=\"background-image: url(&quot;http:\/\/oxydermthbo.com\/wp-content\/uploads\/2024\/10\/cropped-macchine2610.jpg&quot;);\"><\/div> <div  class=\"col-sm-7 full-col-left-padding full-col-right-padding\"> <div  class=\"row\"> <div  data-type=\"column\" class=\"space-bottom-small content-title-col content-center-sm\"> <h2  class=\"\">D\u00e9couvrez la Puissance de l\u2019Oxyg\u00e9nation et des S\u00e9rums \u00e0 Bas Poids Mol\u00e9culaires<\/h2><h5  class=\"\">Nos appareils<\/h5>  <p  class=\"\">Chez Oxyderme thbo, nous r\u00e9volutionnons le soin de la peau et des cheveux avec notre appareil d\u2019oxyg\u00e9nation de pointe, con\u00e7u pour travailler en synergie avec notre gamme de s\u00e9rums \u2013 OxyFace, OxyBody, et OxyHair. Chaque formule est sp\u00e9cialement con\u00e7ue avec des s\u00e9rums \u00e0 bas poids mol\u00e9culaires, assurant une diffusion optimale et cibl\u00e9e des actifs gr\u00e2ce \u00e0 nos accessoires de haute pr\u00e9cision.<\/p><\/div> <\/div> <div  class=\"row spaced-cols center-sm content-center-sm\" data-type=\"row\">    <div  class=\"col-xs-6\" data-type=\"column\"> <a  class=\"button blue\" href=\"https:\/\/oxydermthbo.com?page_id=178\" target=\"_self\" data-cp-link=\"1\" rel=\"noopener\">Professionnels<\/a><\/div> <div  class=\"col-xs-6\" data-type=\"column\"> <a  class=\"button blue\" href=\"https:\/\/oxydermthbo.com?page_id=195\" target=\"_self\" data-cp-link=\"1\" rel=\"noopener\">Grands Groupes<\/a><\/div><div  class=\"col-xs-6\" data-type=\"column\"> <a  class=\"button blue\" href=\"https:\/\/oxydermthbo.com?page_id=210\" target=\"_self\" data-cp-link=\"1\" rel=\"noopener\">Distributeurs<\/a><\/div><div  class=\"col-xs-6\" data-type=\"column\"> <a  class=\"button blue\" href=\"https:\/\/oxydermthbo.com?page_id=572\" target=\"_self\" data-cp-link=\"1\" rel=\"noopener\">Documents<\/a><\/div><\/div><\/div> <\/div><\/div> <\/div><div  id=\"nos-produits\" style=\"background-color: #ffffff;\" data-label=\"Nos Produits\" data-id=\"features-16-card-bordered-mc\" data-export-id=\"features-16-card-bordered-mc\" data-category=\"features\" class=\"features-16-card-bordered-mc content-section content-section-spacing\"><div  class=\"gridContainer\"> <div  class=\"row text-center\"><div  class=\"section-title-col\" data-type=\"column\"> <h5  class=\"\">NOS PRODUITS<\/h5> <h2  class=\"\">S\u00e9rums Oxy<\/h2> <p  class=\"lead\"><span  style=\"font-size: 19.2px;\">Avec Oxyderme thbo, b\u00e9n\u00e9ficiez d\u2019une technologie de soin avanc\u00e9e qui transforme votre routine beaut\u00e9 en une exp\u00e9rience luxueuse et efficace. Embrassez une beaut\u00e9 sans compromis gr\u00e2ce \u00e0 nos solutions innovantes, con\u00e7ues pour r\u00e9pondre \u00e0 vos besoins sp\u00e9cifiques.<\/span><\/p><\/div> <\/div> <div  class=\"row spaced-cols center-sm\" data-type=\"row\"> <div  class=\"col-xs-12 col-sm-6 col-md-4\"> <div  class=\"card no-padding bordered y-move\"> <a  data-cp-link=\"1\" href=\"https:\/\/pay-pro.monetico.fr\/oxyderme-thbo\/oxyderme-thbo\" target=\"_blank\" rel=\"noopener\" class=\"\"><img  decoding=\"async\" class=\"face\" src=\"http:\/\/oxydermthbo.com\/wp-content\/uploads\/2025\/10\/cropped-oxybody-scaled-2.jpg\" title=\"cropped-OXYBODY-100ml.jpg\" alt=\"\"><\/a> <div  data-type=\"column\" class=\"col-padding-small col-padding-small-xs description-container\"> <h4  class=\"font-500\">OxyBody \u2013 (100ML) 99\u20ac<\/h4> <p  class=\"\">OxyBody offre une approche pour <b >tonifier la peau<\/b>. Cette formule innovante, stimule la <span >r\u00e9g\u00e9n\u00e9ration cellulaire<\/span>, am\u00e9liore l\u2019\u00e9lasticit\u00e9 et <b >r\u00e9duit l\u2019apparence de la cellulite<\/b>, offrant ainsi une solution s\u00e9rieuse pour une peau plus ferme.<\/p><a  class=\"button blue\" href=\"https:\/\/pay-pro.monetico.fr\/oxyderme-thbo\/oxyderme-thbo\" target=\"_blank\" data-cp-link=\"1\" rel=\"noopener\">Payer en ligne<\/a><\/div> <div  data-type=\"column\" class=\"col-padding-small col-padding-small-xs read-more-container\"><a  class=\"read-more\" href=\"https:\/\/oxydermthbo.com?page_id=93\" target=\"_self\" data-cp-link=\"1\" rel=\"noopener\">Voir plus<\/a><\/div> <\/div><\/div> <div  class=\"col-xs-12 col-sm-6 col-md-4\"><div  class=\"card no-padding bordered y-move\"> <a  data-cp-link=\"1\" href=\"https:\/\/pay-pro.monetico.fr\/oxyderme-thbo\/oxyderme-thbo\" target=\"_blank\" rel=\"noopener\" class=\"\"><img  decoding=\"async\" class=\"face\" src=\"http:\/\/oxydermthbo.com\/wp-content\/uploads\/2025\/10\/cropped-oxyface-scaled-2.jpg\" title=\"cropped-OXYFACE-100ml.jpg\" alt=\"\"><\/a> <div  data-type=\"column\" class=\"col-padding-small col-padding-small-xs description-container\"> <h4  class=\"font-500\">OxyFace \u2013 (100ML) 99\u20ac <\/h4> <p  class=\"\">Cette formule cible les signes du vieillissement cutan\u00e9, hydrate en profondeur, <b >att\u00e9nue les rides<\/b> et restaure l\u2019\u00e9clat. Recommand\u00e9 par des sp\u00e9cialistes de la dermatologie esth\u00e9tique, OxyFace offre une approche s\u00e9rieuse pour une <b >peau visiblement plus jeune<\/b>.<\/p><a  class=\"button blue\" href=\"https:\/\/pay-pro.monetico.fr\/oxyderme-thbo\/oxyderme-thbo\" target=\"_blank\" data-cp-link=\"1\" rel=\"noopener\">Payer en ligne<\/a><\/div> <div  data-type=\"column\" class=\"col-padding-small col-padding-small-xs read-more-container\"><a  class=\"read-more\" href=\"https:\/\/oxydermthbo.com?page_id=59\" target=\"_self\" data-cp-link=\"1\" rel=\"noopener\">Voir plus<\/a><\/div> <\/div><\/div> <div  class=\"col-xs-12 col-sm-6 col-md-4\"><div  class=\"card no-padding bordered y-move\"> <a  data-cp-link=\"1\" href=\"https:\/\/pay-pro.monetico.fr\/oxyderme-thbo\/oxyderme-thbo\" target=\"_blank\" rel=\"noopener\" class=\"\"><img  decoding=\"async\" class=\"face\" src=\"http:\/\/oxydermthbo.com\/wp-content\/uploads\/2025\/10\/cropped-oxyhair-scaled-1.jpg\" title=\"cropped-OXYHAIR-100ml.jpg\" alt=\"\"><\/a> <div  data-type=\"column\" class=\"col-padding-small col-padding-small-xs description-container\"> <h4  class=\"font-500\">OxyHair \u2013 (100ML) 99\u20ac <\/h4> <p  class=\"\">Une formule scientifiquement \u00e9labor\u00e9e pour renforcer la sant\u00e9 capillaire. Recommand\u00e9 par des experts, ce produit <b >redonne vie<\/b> \u00e0 vos <b >cheveux <\/b>en les nourrissant en profondeur, les <b >fortifiant <\/b>et r\u00e9tablissant une <b >brillance <\/b>naturelle<\/p><a  class=\"button blue\" href=\"https:\/\/pay-pro.monetico.fr\/oxyderme-thbo\/oxyderme-thbo\" target=\"_blank\" data-cp-link=\"1\" rel=\"noopener\">Payer en ligne<\/a><\/div> <div  data-type=\"column\" class=\"col-padding-small col-padding-small-xs read-more-container\"><a  class=\"read-more\" href=\"https:\/\/oxydermthbo.com?page_id=102\" target=\"_self\" data-cp-link=\"1\" rel=\"noopener\">Voir plus<\/a><\/div> <\/div><\/div> <\/div><\/div> <\/div><div  id=\"avis\" style=\"background-color: rgb(245, 250, 253); background-image: none;\" data-label=\"Avis\" data-id=\"testimonials-5-mc\" data-export-id=\"testimonials-5-mc\" data-category=\"testimonials\" class=\"testimonials-5-mc content-section content-section-spacing\"><div  class=\"gridContainer\"> <div  class=\"row\"><div  data-type=\"column\" class=\"section-title-col\">  <h2  class=\"\">Avis de clients<\/h2> <p  class=\"lead\">Voici ce que disent nos clients :<\/p><\/div> <\/div> <div  class=\"row spaced-cols content-center-sm\" data-type=\"row\"> <div  class=\"col-sm-4\"> <div  class=\"card y-move bordered\" data-type=\"column\"> <i  class=\"fa fa-quote-right icon color1 small quotation-icon\"><\/i> <p  class=\"text-center\">Bien que je sois souvent sceptique face aux produits de soins de la peau, <b >Oxy<\/b><b >Face m\u2019a compl\u00e8tement convaincu<\/b>. J\u2019avais des probl\u00e8mes r\u00e9currents d\u2019acn\u00e9 qui semblaient insurmontables, mais apr\u00e8s avoir utilis\u00e9 OxyFace, <b >ma peau est plus claire que jamais<\/b>. Les r\u00e9sultats sont tout simplement incroyables. Merci, OxyDerme, pour ce produit r\u00e9volutionnaire qui a chang\u00e9 ma vie !<\/p> <img  decoding=\"async\" src=\"https:\/\/oxydermthbo.com\/wp-content\/themes\/highlight\/customizer\/sections\/images\/team-1.jpg\" class=\"round icon\"> <h6  class=\"\">Sophia<\/h6> <\/div> <\/div> <div  class=\"col-sm-4\"> <div  class=\"card y-move bordered\" data-type=\"column\"> <i  class=\"fa fa-quote-right icon color1 small quotation-icon\"><\/i> <p  class=\"text-center\"><b >OxyBody a \u00e9t\u00e9 une r\u00e9v\u00e9lation pour moi !<\/b> J\u2019ai longtemps lutt\u00e9 contre la cellulite sans succ\u00e8s, mais depuis que j\u2019ai int\u00e9gr\u00e9 OxyBody  dans ma routine, ma peau est <b >plus lisse<\/b> et <b >plus tonique<\/b> que jamais. Les effets <b >anti-cellulite<\/b> sont vraiment impressionnants. Merci, OxyDerme, <b >pour ce produit exceptionnel<\/b> qui a transform\u00e9 ma confiance en moi !\n<br >&nbsp;\n<\/p> <img  decoding=\"async\" src=\"https:\/\/oxydermthbo.com\/wp-content\/themes\/highlight\/customizer\/sections\/images\/team-3.jpg\" class=\"round icon\"> <h6  class=\"\">Anabella<\/h6> <\/div> <\/div> <div  class=\"col-sm-4\"> <div  class=\"card y-move bordered\" data-type=\"column\"> <i  class=\"fa fa-quote-right icon color1 small quotation-icon\"><\/i> <p  class=\"text-center\"><b >OxyHair a radicalement transform\u00e9 la qualit\u00e9 de mes cheveux !<\/b> Je luttais depuis des ann\u00e9es avec des cheveux ternes et ab\u00eem\u00e9s, mais apr\u00e8s avoir utilis\u00e9 OxyHair, mes cheveux sont devenus <b >plus forts<\/b>, <b >plus brillants<\/b> et <b >incroyablement soyeux<\/b>. Je n\u2019aurais jamais pens\u00e9 voir de tels r\u00e9sultats. Merci, OxyDerme,<b > pour ce miracle capillaire <\/b>!\n\n<br >&nbsp;<\/p> <img  decoding=\"async\" src=\"https:\/\/oxydermthbo.com\/wp-content\/themes\/highlight\/customizer\/sections\/images\/team-7.jpg\" class=\"round icon\"> <h6  class=\"\">Xavier<\/h6> <\/div> <\/div><\/div> <\/div><\/div><div  id=\"information\" data-label=\"Information\" data-id=\"portfolio-5-mc\" data-export-id=\"portfolio-5-mc\" data-category=\"portfolio\" class=\"portfolio-5-mc content-section content-section-spacing section-title-col-white-text bg-color1\"><div  class=\"gridContainer\"> <div  class=\"row text-center\"><div  class=\"section-title-col\" data-type=\"column\">  <h2  class=\"\">Information<\/h2> <p  class=\"lead\">Nous sommes fabricant d\u2019un concept int\u00e9grant la technologie d\u2019un concentrateur THBO d\u2019oxyg\u00e8ne (Technique Hyperbarique d\u2019Oxyg\u00e9nation) qui diffuse \u00e0 l\u2019aide de trois accessoires en verre trois lotions \u00e0 bas poids modulaires d\u2019une mesure de 20 \u00e0 50 K DALTON.<\/p><\/div> <\/div> <div  class=\"row space-bottom spaced-cols\" data-type=\"row\"> <div  class=\"col-xs-12 col-sm-4 text-center\"> <div  class=\"card no-padding bordered\"> <div  data-hover-fx=\"portfolio-6\" class=\"contentswap-effect contentswap-overlay\" style=\"float: none; margin: 0; width: 100%;\"> <div  class=\"initial-image\" style=\"float: none; margin: 0;\"> <img  decoding=\"async\" data-size=\"500x333\" src=\"https:\/\/oxydermthbo.com\/wp-content\/uploads\/2024\/01\/pexels-cottonbro-studio-4155015-scaled.jpg\"><\/div> <div  class=\"overlay bg-color6\" style=\"display: block; transition: opacity 800ms ease 0s; -webkit-transition-timing-function: ease; -moz-transition-timing-function: ease; -o-transition-timing-function: ease; transition-timing-function: ease;\"><\/div> <div  class=\"swap-inner col-xs-12\" style=\"display: block; transition: all 800ms ease 0s; background-color: rgba(0,0,0,0); margin-top: 0;\"> <div  class=\"row full-height-row middle-xs middle-sm\"> <div  class=\"col-xs-12 text-center content-holder\"> <a  class=\"button small color2\" href=\"https:\/\/oxydermthbo.com?page_id=93\" target=\"_self\" data-cp-link=\"1\" rel=\"noopener\">OxyBody<\/a><\/div> <\/div><\/div> <\/div> <div  class=\"col-xs-12\"> <div  class=\"space-bottom space-top\" data-type=\"column\"> <h5  class=\"\">OXYBODY<\/h5> <\/div> <\/div><\/div> <\/div> <div  class=\"col-xs-12 col-sm-4 text-center\"> <div  class=\"card no-padding bordered\"> <div  data-hover-fx=\"portfolio-6\" class=\"contentswap-effect contentswap-overlay\" style=\"float: none; margin: 0; width: 100%;\"> <div  class=\"initial-image\" style=\"float: none; margin: 0;\"> <img  decoding=\"async\" data-size=\"500x333\" src=\"https:\/\/oxydermthbo.com\/wp-content\/uploads\/2024\/01\/pexels-anna-shvets-5069564-scaled.jpg\"><\/div> <div  class=\"overlay bg-color6\" style=\"display: block; transition: opacity 800ms ease 0s; -webkit-transition-timing-function: ease; -moz-transition-timing-function: ease; -o-transition-timing-function: ease; transition-timing-function: ease;\"><\/div> <div  class=\"swap-inner col-xs-12\" style=\"display: block; transition: all 800ms ease 0s; background-color: rgba(0,0,0,0); margin-top: 0;\"> <div  class=\"row full-height-row middle-xs middle-sm\"> <div  class=\"col-xs-12 text-center content-holder\"> <a  class=\"button small color2\" href=\"https:\/\/oxydermthbo.com?page_id=59\" target=\"_blank\" data-cp-link=\"1\" rel=\"noopener\">OxyFace<\/a><\/div> <\/div><\/div> <\/div> <div  class=\"col-xs-12\"> <div  class=\"space-bottom space-top\" data-type=\"column\"> <h5  class=\"\">OXYFACE<\/h5> <\/div> <\/div><\/div> <\/div> <div  class=\"col-xs-12 col-sm-4 text-center\"> <div  class=\"card no-padding bordered\"> <div  data-hover-fx=\"portfolio-6\" class=\"contentswap-effect contentswap-overlay\" style=\"float: none; margin: 0; width: 100%;\"> <div  class=\"initial-image\" style=\"float: none; margin: 0;\"> <img  decoding=\"async\" data-size=\"500x333\" src=\"https:\/\/oxydermthbo.com\/wp-content\/uploads\/2024\/01\/hair-brush.jpg\"><\/div> <div  class=\"overlay bg-color6\" style=\"display: block; transition: opacity 800ms ease 0s; -webkit-transition-timing-function: ease; -moz-transition-timing-function: ease; -o-transition-timing-function: ease; transition-timing-function: ease;\"><\/div> <div  class=\"swap-inner col-xs-12\" style=\"display: block; transition: all 800ms ease 0s; background-color: rgba(0,0,0,0); margin-top: 0;\"> <div  class=\"row full-height-row middle-xs middle-sm\"> <div  class=\"col-xs-12 text-center content-holder\"> <a  class=\"button small color2\" href=\"https:\/\/oxydermthbo.com?page_id=102\" target=\"_blank\" data-cp-link=\"1\" rel=\"noopener\">OxyHair<\/a><\/div> <\/div><\/div> <\/div> <div  class=\"col-xs-12\"> <div  class=\"space-bottom space-top\" data-type=\"column\"> <h5  class=\"\">OXYHAIR<\/h5> <\/div> <\/div><\/div> <\/div><\/div> <div  class=\"row\"><div  data-type=\"column\" class=\"col-xs-12 text-center\"> <\/div> <\/div><\/div> <\/div><div data-label=\"Features\" data-id=\"features--1\" data-export-id=\"features-16\" data-category=\"features\" class=\"features-16 content-section content-section-spacing\" id=\"features-1\"  style=\"background-color: rgb(255, 255, 255);\"><div class=\"gridContainer\" > <div class=\"row text-center\" ><div class=\"section-title-col\" data-type=\"column\" > <h2 class=\"\" >Galerie<\/h2> <p class=\"lead\" >D\u00e9couvrez nos diff\u00e9rentes photos issues de nos \u00e9v\u00e9nements<\/p><a class=\"link\"  href=\"https:\/\/oxydermthbo.com?page_id=732\" target=\"_self\" data-cp-link=\"1\">D\u00e9couvrir<\/a><\/div> <\/div> <div class=\"row spaced-cols center-sm content-center-sm\" data-type=\"row\" >   <div class=\"col-xs-12 col-sm-6 space-bottom col-md-12 \" > <img decoding=\"async\" class=\"face\" src=\"http:\/\/oxydermthbo.com\/wp-content\/uploads\/2025\/12\/cropped-macchine2610.jpg\"  title=\"cropped-macchine2610.jpg\" alt=\"\"> <div data-type=\"column\" class=\"col-padding-small col-padding-small-xs description-container\" >   <\/div> <\/div><\/div> <\/div><\/div>","protected":false},"excerpt":{"rendered":"<p>Notre experte Corine B\u00e9dier Experte en esth\u00e9tique et passionn\u00e9e par l\u2019innovation, Corine B\u00e9dier dirige son salon avec une vision claire : offrir \u00e0 ses clients les meilleures technologies en soins de la peau.Membre de la CNAIB, la Conf\u00e9d\u00e9ration Nationale Artisanale des Instituts de Beaut\u00e9, elle s\u2019inscrit dans une d\u00e9marche professionnelle reconnue qui valorise l\u2019excellence et&hellip; <br \/> <a class=\"read-more\" href=\"https:\/\/oxydermthbo.com\/\">Lire la suite<\/a><\/p>\n","protected":false},"author":1,"featured_media":0,"parent":0,"menu_order":0,"comment_status":"closed","ping_status":"closed","template":"page-templates\/homepage.php","meta":{"saved_in_kubio":false,"footnotes":""},"class_list":["post-24","page","type-page","status-publish","hentry"],"kubio_ai_page_context":{"short_desc":"","purpose":"general"},"_links":{"self":[{"href":"https:\/\/oxydermthbo.com\/index.php?rest_route=\/wp\/v2\/pages\/24","targetHints":{"allow":["GET"]}}],"collection":[{"href":"https:\/\/oxydermthbo.com\/index.php?rest_route=\/wp\/v2\/pages"}],"about":[{"href":"https:\/\/oxydermthbo.com\/index.php?rest_route=\/wp\/v2\/types\/page"}],"author":[{"embeddable":true,"href":"https:\/\/oxydermthbo.com\/index.php?rest_route=\/wp\/v2\/users\/1"}],"replies":[{"embeddable":true,"href":"https:\/\/oxydermthbo.com\/index.php?rest_route=%2Fwp%2Fv2%2Fcomments&post=24"}],"version-history":[{"count":83,"href":"https:\/\/oxydermthbo.com\/index.php?rest_route=\/wp\/v2\/pages\/24\/revisions"}],"predecessor-version":[{"id":760,"href":"https:\/\/oxydermthbo.com\/index.php?rest_route=\/wp\/v2\/pages\/24\/revisions\/760"}],"wp:attachment":[{"href":"https:\/\/oxydermthbo.com\/index.php?rest_route=%2Fwp%2Fv2%2Fmedia&parent=24"}],"curies":[{"name":"wp","href":"https:\/\/api.w.org\/{rel}","templated":true}]}}